{"id":2,"date":"2015-11-23T21:54:26","date_gmt":"2015-11-23T21:54:26","guid":{"rendered":"http:\/\/beg-skl.bplaced.net\/wordpress\/?page_id=2"},"modified":"2015-12-03T23:49:45","modified_gmt":"2015-12-03T22:49:45","slug":"sample-page","status":"publish","type":"page","link":"http:\/\/www.beg-schelklingen.de\/","title":{"rendered":"Willkommen bei der BEG Schelklingen"},"content":{"rendered":"<p>Hauptziel unserer Genossenschaft ist es gemeinsam mit B\u00fcrgern, Stadt und Unternehmen lokale und regionale Energieprojekte zu realisieren und damit einen wichtigen Beitrag zur Energiezukunft und zum Umweltschutz vor Ort zu leisten. Au\u00dfer der Umsetzung von Projekten m\u00f6chten wir aber auch unseren Mitgliedern und interessierten B\u00fcrgern Informationen rund um erneuerbare Energien anbieten.<br \/>\n<img loading=\"lazy\" decoding=\"async\" class=\"alignleft wp-image-87 size-medium\" src=\"http:\/\/www.beg-schelklingen.de\/wordpress\/wp-content\/uploads\/2015\/11\/mmm-300x300.png\" alt=\"mmm\" width=\"300\" height=\"300\" srcset=\"http:\/\/www.beg-schelklingen.de\/wordpress\/wp-content\/uploads\/2015\/11\/mmm-300x300.png 300w, http:\/\/www.beg-schelklingen.de\/wordpress\/wp-content\/uploads\/2015\/11\/mmm-150x150.png 150w, http:\/\/www.beg-schelklingen.de\/wordpress\/wp-content\/uploads\/2015\/11\/mmm.png 319w\" sizes=\"auto, (max-width: 300px) 100vw, 300px\" \/><\/p>\n","protected":false},"excerpt":{"rendered":"<p>Hauptziel unserer Genossenschaft ist es gemeinsam mit B\u00fcrgern, Stadt und Unternehmen lokale und regionale Energieprojekte zu realisieren und damit einen wichtigen Beitrag zur Energiezukunft und zum Umweltschutz vor Ort zu leisten. Au\u00dfer der Umsetzung von Projekten m\u00f6chten wir aber auch unseren Mitgliedern und interessierten B\u00fcrgern Informationen rund um erneuerbare Energien anbieten.<\/p>\n","protected":false},"author":1,"featured_media":0,"parent":0,"menu_order":0,"comment_status":"closed","ping_status":"open","template":"","meta":{"footnotes":""},"class_list":["post-2","page","type-page","status-publish","hentry"],"_links":{"self":[{"href":"http:\/\/www.beg-schelklingen.de\/index.php?rest_route=\/wp\/v2\/pages\/2","targetHints":{"allow":["GET"]}}],"collection":[{"href":"http:\/\/www.beg-schelklingen.de\/index.php?rest_route=\/wp\/v2\/pages"}],"about":[{"href":"http:\/\/www.beg-schelklingen.de\/index.php?rest_route=\/wp\/v2\/types\/page"}],"author":[{"embeddable":true,"href":"http:\/\/www.beg-schelklingen.de\/index.php?rest_route=\/wp\/v2\/users\/1"}],"replies":[{"embeddable":true,"href":"http:\/\/www.beg-schelklingen.de\/index.php?rest_route=%2Fwp%2Fv2%2Fcomments&post=2"}],"version-history":[{"count":7,"href":"http:\/\/www.beg-schelklingen.de\/index.php?rest_route=\/wp\/v2\/pages\/2\/revisions"}],"predecessor-version":[{"id":106,"href":"http:\/\/www.beg-schelklingen.de\/index.php?rest_route=\/wp\/v2\/pages\/2\/revisions\/106"}],"wp:attachment":[{"href":"http:\/\/www.beg-schelklingen.de\/index.php?rest_route=%2Fwp%2Fv2%2Fmedia&parent=2"}],"curies":[{"name":"wp","href":"https:\/\/api.w.org\/{rel}","templated":true}]}}