{"id":222,"date":"2024-03-01T22:13:52","date_gmt":"2024-03-01T21:13:52","guid":{"rendered":"http:\/\/www.beg-schelklingen.de\/?page_id=222"},"modified":"2024-03-01T22:18:44","modified_gmt":"2024-03-01T21:18:44","slug":"solarpark-justingen","status":"publish","type":"page","link":"http:\/\/www.beg-schelklingen.de\/?page_id=222","title":{"rendered":"Solarpark Justingen"},"content":{"rendered":"\n<p>Die Nennleistung der auf der Gemarkung des Schelklinger Teilortes Justingen errichteten Anlage betr\u00e4gt 6,4 MWp und produziert eine Strommenge f\u00fcr mehr als 2.500 Haushalte.<\/p>\n\n\n\n<p>Sowohl die Stadt Schelklingen als auch der Errichter GP JOULE legten Wert auf eine breite B\u00fcrgerbeteiligung. Die B\u00fcrgerEnergiegenossenschaft Schelklingen eG bietet die ideale Plattform daf\u00fcr und konnte im Rahmen der Beteiligung 2024 viele neue Mitglieder aufnehmen.<\/p>\n","protected":false},"excerpt":{"rendered":"<p>Die Nennleistung der auf der Gemarkung des Schelklinger Teilortes Justingen errichteten Anlage betr\u00e4gt 6,4 MWp und produziert eine Strommenge f\u00fcr mehr als 2.500 Haushalte. Sowohl die Stadt Schelklingen als auch der Errichter GP JOULE legten Wert auf eine breite B\u00fcrgerbeteiligung. Die B\u00fcrgerEnergiegenossenschaft Schelklingen eG bietet die ideale Plattform daf\u00fcr und konnte im Rahmen der Beteiligung\u2026 <span class=\"read-more\"><a href=\"http:\/\/www.beg-schelklingen.de\/?page_id=222\">Weiterlesen &raquo;<\/a><\/span><\/p>\n","protected":false},"author":1,"featured_media":0,"parent":7,"menu_order":0,"comment_status":"closed","ping_status":"closed","template":"","meta":{"footnotes":""},"class_list":["post-222","page","type-page","status-publish","hentry"],"_links":{"self":[{"href":"http:\/\/www.beg-schelklingen.de\/index.php?rest_route=\/wp\/v2\/pages\/222","targetHints":{"allow":["GET"]}}],"collection":[{"href":"http:\/\/www.beg-schelklingen.de\/index.php?rest_route=\/wp\/v2\/pages"}],"about":[{"href":"http:\/\/www.beg-schelklingen.de\/index.php?rest_route=\/wp\/v2\/types\/page"}],"author":[{"embeddable":true,"href":"http:\/\/www.beg-schelklingen.de\/index.php?rest_route=\/wp\/v2\/users\/1"}],"replies":[{"embeddable":true,"href":"http:\/\/www.beg-schelklingen.de\/index.php?rest_route=%2Fwp%2Fv2%2Fcomments&post=222"}],"version-history":[{"count":2,"href":"http:\/\/www.beg-schelklingen.de\/index.php?rest_route=\/wp\/v2\/pages\/222\/revisions"}],"predecessor-version":[{"id":226,"href":"http:\/\/www.beg-schelklingen.de\/index.php?rest_route=\/wp\/v2\/pages\/222\/revisions\/226"}],"up":[{"embeddable":true,"href":"http:\/\/www.beg-schelklingen.de\/index.php?rest_route=\/wp\/v2\/pages\/7"}],"wp:attachment":[{"href":"http:\/\/www.beg-schelklingen.de\/index.php?rest_route=%2Fwp%2Fv2%2Fmedia&parent=222"}],"curies":[{"name":"wp","href":"https:\/\/api.w.org\/{rel}","templated":true}]}}