{"id":28,"date":"2011-12-22T22:19:24","date_gmt":"2011-12-22T22:19:24","guid":{"rendered":"http:\/\/beg-skl.bplaced.net\/wordpress\/?page_id=28"},"modified":"2023-04-14T10:32:39","modified_gmt":"2023-04-14T09:32:39","slug":"feuerwehrhaus-justingen","status":"publish","type":"page","link":"http:\/\/www.beg-schelklingen.de\/?page_id=28","title":{"rendered":"Feuerwehrhaus Justingen"},"content":{"rendered":"<p>Auf dem Neubau des Feuerwehrhauses Justingen haben wir w\u00e4herend der Bauphase unsere dritte PV-Anlage mit einer Nennleistung von 18,36 kW realisiert.<\/p>\n<p>Auf den zwei nach S\u00fcden ausgerichteten D\u00e4chern des Feuerwehrhauses Justingen mit einer Neigung von 45\u00b0 wurden 72 Module des Herstellers Topsola mit einer Gesamtleistung von 18,36 kW installiert. Als Wechselrichter kommt ein SMA STP 15000TL sowie ein SB 2000HF zum Einsatz.<br \/>\nDen Auftrag f\u00fcr die Realisierung der Anlage hat die Firma Strobl Elektrotechnik erhalten.<\/p>\n<p><a href=\"http:\/\/www.beg-schelklingen.de\/wordpress\/wp-content\/uploads\/2015\/12\/feuerwehr_anlage.jpg.jpg\"><img loading=\"lazy\" decoding=\"async\" class=\"alignnone size-medium wp-image-129\" src=\"http:\/\/www.beg-schelklingen.de\/wordpress\/wp-content\/uploads\/2015\/12\/feuerwehr_anlage.jpg-300x225.jpg\" alt=\"feuerwehr_anlage.jpg\" width=\"300\" height=\"225\" srcset=\"http:\/\/www.beg-schelklingen.de\/wordpress\/wp-content\/uploads\/2015\/12\/feuerwehr_anlage.jpg-300x225.jpg 300w, http:\/\/www.beg-schelklingen.de\/wordpress\/wp-content\/uploads\/2015\/12\/feuerwehr_anlage.jpg-1024x768.jpg 1024w, http:\/\/www.beg-schelklingen.de\/wordpress\/wp-content\/uploads\/2015\/12\/feuerwehr_anlage.jpg-660x495.jpg 660w, http:\/\/www.beg-schelklingen.de\/wordpress\/wp-content\/uploads\/2015\/12\/feuerwehr_anlage.jpg.jpg 2048w\" sizes=\"auto, (max-width: 300px) 100vw, 300px\" \/><\/a><\/p>\n<p>Die Ertragsdaten der Anlage finden hier:<\/p>\n<p class=\"align-left\"><img loading=\"lazy\" decoding=\"async\" style=\"float: right;\" title=\"Ertrag - aktueller Monat\" src=\"https:\/\/www.solar-monitoring.net\/ssp\/auswertung_profi\/jpgraph\/energieproduktion\/energie_monat.php?typ=monat&amp;teilanlage=&amp;iIdAnlageKey=774RB&amp;var_nr=0\" alt=\"\" width=\"534\" height=\"315\"><\/p>\n<p class=\"align-left\"><img loading=\"lazy\" decoding=\"async\" style=\"float: right;\" title=\"Ertrag - aktuelles Jahr\" src=\"https:\/\/www.solar-monitoring.net\/ssp\/auswertung_profi\/jpgraph\/energieproduktion\/energie_jahr.php?typ=jahr&amp;teilanlage=&amp;iIdAnlageKey=774RB&amp;var_nr=0\" alt=\"\" width=\"534\" height=\"315\"><\/p>\n<p class=\"align-left\"><img loading=\"lazy\" decoding=\"async\" style=\"float: right;\" title=\"Ertrag - Gesamt\u00fcbersicht\" src=\"https:\/\/www.solar-monitoring.net\/ssp\/auswertung_profi\/jpgraph\/energieproduktion\/energie_gesamt.php?typ=gesamt&amp;teilanlage=&amp;iIdAnlageKey=774RB&amp;var_nr=0\" alt=\"\" width=\"534\" height=\"315\"><\/p>\n","protected":false},"excerpt":{"rendered":"<p>Auf dem Neubau des Feuerwehrhauses Justingen haben wir w\u00e4herend der Bauphase unsere dritte PV-Anlage mit einer Nennleistung von 18,36 kW realisiert. Auf den zwei nach S\u00fcden ausgerichteten D\u00e4chern des Feuerwehrhauses Justingen mit einer Neigung von 45\u00b0 wurden 72 Module des Herstellers Topsola mit einer Gesamtleistung von 18,36 kW installiert. Als Wechselrichter kommt ein SMA STP\u2026 <span class=\"read-more\"><a href=\"http:\/\/www.beg-schelklingen.de\/?page_id=28\">Weiterlesen &raquo;<\/a><\/span><\/p>\n","protected":false},"author":1,"featured_media":0,"parent":7,"menu_order":3,"comment_status":"closed","ping_status":"closed","template":"","meta":{"footnotes":""},"class_list":["post-28","page","type-page","status-publish","hentry"],"_links":{"self":[{"href":"http:\/\/www.beg-schelklingen.de\/index.php?rest_route=\/wp\/v2\/pages\/28","targetHints":{"allow":["GET"]}}],"collection":[{"href":"http:\/\/www.beg-schelklingen.de\/index.php?rest_route=\/wp\/v2\/pages"}],"about":[{"href":"http:\/\/www.beg-schelklingen.de\/index.php?rest_route=\/wp\/v2\/types\/page"}],"author":[{"embeddable":true,"href":"http:\/\/www.beg-schelklingen.de\/index.php?rest_route=\/wp\/v2\/users\/1"}],"replies":[{"embeddable":true,"href":"http:\/\/www.beg-schelklingen.de\/index.php?rest_route=%2Fwp%2Fv2%2Fcomments&post=28"}],"version-history":[{"count":4,"href":"http:\/\/www.beg-schelklingen.de\/index.php?rest_route=\/wp\/v2\/pages\/28\/revisions"}],"predecessor-version":[{"id":217,"href":"http:\/\/www.beg-schelklingen.de\/index.php?rest_route=\/wp\/v2\/pages\/28\/revisions\/217"}],"up":[{"embeddable":true,"href":"http:\/\/www.beg-schelklingen.de\/index.php?rest_route=\/wp\/v2\/pages\/7"}],"wp:attachment":[{"href":"http:\/\/www.beg-schelklingen.de\/index.php?rest_route=%2Fwp%2Fv2%2Fmedia&parent=28"}],"curies":[{"name":"wp","href":"https:\/\/api.w.org\/{rel}","templated":true}]}}