{"id":42,"date":"2015-11-25T22:29:47","date_gmt":"2015-11-25T22:29:47","guid":{"rendered":"http:\/\/beg-skl.bplaced.net\/wordpress\/?page_id=42"},"modified":"2023-04-10T14:19:24","modified_gmt":"2023-04-10T13:19:24","slug":"wir-uber-uns","status":"publish","type":"page","link":"http:\/\/www.beg-schelklingen.de\/?page_id=42","title":{"rendered":"Wir \u00fcber uns"},"content":{"rendered":"<p>Hauptziel unserer Genossenschaft ist es gemeinsam mit B\u00fcrgern, Stadt und Unternehmen lokale und regionale Energieprojekte zu realisieren und damit einen wichtigen Beitrag zur Energiezukunft und zum Umweltschutz vor Ort zu leisten. Au\u00dfer der Umsetzung von Projekten m\u00f6chten wir aber auch unseren Mitgliedern und interessierten B\u00fcrgern Informationen rund um erneuerbare Energien anbieten.<\/p>\n<p>Zun\u00e4chst konzentrieren wir uns, wegen ihrer verh\u00e4ltnism\u00e4\u00dfig einfachen und schnellen Umsetzbarkeit, auf Photovoltaik-Anlagen. Wir untersuchen aber auch m\u00f6gliche Projekte zur Wasserkraft und Energieeffizienz.<\/p>\n<p>Wir haben uns f\u00fcr die Rechtsform der Genossenschaft entschieden, die starke demokratische Strukturen aufweist und im Gegensatz zu anderen Gesellschaftsformen die Umsetzung von mehr als nur einem Projekt problemlos erm\u00f6glicht. Die Genossenschaft besteht aus drei Organen:<\/p>\n<p>&nbsp;<\/p>\n<p><b>Generalversammlung<\/b><\/p>\n<p>Die Generalversammlung ist das oberste Organ der Genossenschaft und wird durch alle Mitglieder zusammen gebildet. Jedes Mitglied hat auf der Generalversammlung eine Stimme. Zu den Aufgaben der Generalversammlung geh\u00f6rt: \u00c4nderung der Satzung, Genehmigung des Jahresabschlusses und der Verteilung von Gewinn und Verlust, sowie die Entlastung von Vorstand und Aufsichtsrat.<\/p>\n<p>&nbsp;<\/p>\n<p><b>Aufsichtsrat<\/b><\/p>\n<p>Der Aufsichtsrat wird von der Generalversammlung gew\u00e4hlt. Zu seinen Aufgaben z\u00e4hlen die \u00dcberwachung der Gesch\u00e4ftsf\u00fchrung des Vorstandes, die Durchf\u00fchrung von Kontrollen und Revisionen und die Berichterstattung in der Generalversammlung. Von unseren Mitgliedern wurden folgende Aufsichtsr\u00e4te gew\u00e4hlt:<\/p>\n<ul>\n<li>Thomas Tolksdorf (Vorsitzender)<\/li>\n<li>J\u00fcrgen Haas<\/li>\n<li>Thomas Tonnier<\/li>\n<\/ul>\n<p>&nbsp;<\/p>\n<p><b>Vorstand<\/b><\/p>\n<p>Der Vorstand wird vom Aufsichtsrat bestellt. Zu seinen Aufgaben geh\u00f6rt die eigenverantwortliche Leitung der Genossenschaft durch Vertretung nach au\u00dfen und Gesch\u00e4ftsf\u00fchrung nach innen. Vom Aufsichtsrat sind folgende ehrenamtliche Vorstandsmitglieder bestellt:<\/p>\n<ul>\n<li>Armin Kneer<\/li>\n<li>Jonas Riexinger<\/li>\n<li>Reiner Riexinger<\/li>\n<\/ul>\n","protected":false},"excerpt":{"rendered":"<p>Hauptziel unserer Genossenschaft ist es gemeinsam mit B\u00fcrgern, Stadt und Unternehmen lokale und regionale Energieprojekte zu realisieren und damit einen wichtigen Beitrag zur Energiezukunft und zum Umweltschutz vor Ort zu leisten. Au\u00dfer der Umsetzung von Projekten m\u00f6chten wir aber auch unseren Mitgliedern und interessierten B\u00fcrgern Informationen rund um erneuerbare Energien anbieten. Zun\u00e4chst konzentrieren wir uns,\u2026 <span class=\"read-more\"><a href=\"http:\/\/www.beg-schelklingen.de\/?page_id=42\">Weiterlesen &raquo;<\/a><\/span><\/p>\n","protected":false},"author":1,"featured_media":0,"parent":0,"menu_order":3,"comment_status":"closed","ping_status":"closed","template":"","meta":{"footnotes":""},"class_list":["post-42","page","type-page","status-publish","hentry"],"_links":{"self":[{"href":"http:\/\/www.beg-schelklingen.de\/index.php?rest_route=\/wp\/v2\/pages\/42","targetHints":{"allow":["GET"]}}],"collection":[{"href":"http:\/\/www.beg-schelklingen.de\/index.php?rest_route=\/wp\/v2\/pages"}],"about":[{"href":"http:\/\/www.beg-schelklingen.de\/index.php?rest_route=\/wp\/v2\/types\/page"}],"author":[{"embeddable":true,"href":"http:\/\/www.beg-schelklingen.de\/index.php?rest_route=\/wp\/v2\/users\/1"}],"replies":[{"embeddable":true,"href":"http:\/\/www.beg-schelklingen.de\/index.php?rest_route=%2Fwp%2Fv2%2Fcomments&post=42"}],"version-history":[{"count":5,"href":"http:\/\/www.beg-schelklingen.de\/index.php?rest_route=\/wp\/v2\/pages\/42\/revisions"}],"predecessor-version":[{"id":203,"href":"http:\/\/www.beg-schelklingen.de\/index.php?rest_route=\/wp\/v2\/pages\/42\/revisions\/203"}],"wp:attachment":[{"href":"http:\/\/www.beg-schelklingen.de\/index.php?rest_route=%2Fwp%2Fv2%2Fmedia&parent=42"}],"curies":[{"name":"wp","href":"https:\/\/api.w.org\/{rel}","templated":true}]}}