{"id":44,"date":"2015-11-25T22:30:11","date_gmt":"2015-11-25T22:30:11","guid":{"rendered":"http:\/\/beg-skl.bplaced.net\/wordpress\/?page_id=44"},"modified":"2023-04-12T08:25:54","modified_gmt":"2023-04-12T07:25:54","slug":"fragen-und-antworten","status":"publish","type":"page","link":"http:\/\/www.beg-schelklingen.de\/?page_id=44","title":{"rendered":"Fragen und Antworten"},"content":{"rendered":"<h1>Warum haben wir die B\u00fcrgerEnergiegenossenschaft Schelklingen gegr\u00fcndet?<\/h1>\n<p>Wir wollen gemeinsam mit erneuerbaren Energien etwas unternehmen, weil wir f\u00fcr kommende Generationen und die Umwelt Verantwortung tragen. Geplant sind auch Informationsveranstaltungen sowie Besichtigungsangebote rund um diesen Themenkreis.<\/p>\n<h1>In welche Projekte investieren wir?<\/h1>\n<p>Wir m\u00f6chten kommunale und regionale Energieprojekte mit erneuerbaren Energien voranbringen. F\u00fcr den Start konzentrieren wir uns auf Photovoltaik-Anlagen, da sie einfach und kurzfristig umzusetzen sind und gegenw\u00e4rtig eine hohe Rendite bringen. F\u00fcr die Zukunft sind aber auch andere Projekte angedacht, wie zum Beispiel Wasserkraft oder Energieeffizienzma\u00dfnahmen.<\/p>\n<h1>Wer kann Mitglied werden?<\/h1>\n<p>Mitglied der Genossenschaft k\u00f6nnen nat\u00fcrliche und juristische Personen sowie Personengesellschaften werden. Der Vorstand hat beschlossen, dass generell auch Personen ohne Sitz in Schelklingen Mitglied werden k\u00f6nnen.<\/p>\n<h1>Was ist ein Gesch\u00e4ftsanteil?<\/h1>\n<p>Gesch\u00e4ftsanteile bilden das Eigenkapital der Genossenschaft. Ein Gesch\u00e4ftsanteil betr\u00e4gt 100 \u20ac. Derzeit liegt die Mindestbeteiligung bei 10 Anteilen, die Maximalbeteiligung bei 100 Anteilen pro Person.<\/p>\n<h1>Wie sicher sind meine Gesch\u00e4ftsanteile angelegt?<\/h1>\n<p>Der Vorstand hat die Sorgfalt eines ordentlichen und gewissenhaften Gesch\u00e4ftsleiters einer Genossenschaft gem\u00e4\u00df den Vorschriften der Gesetze, insbesondere des Genossenschaftsgesetzes und der Satzung anzuwenden. Damit verbieten sich spekulative Geldanlagen. Die Gesch\u00e4ftsf\u00fchrung wird jedes Jahr vom genossenschaftlichen Pr\u00fcfverband auf ordnungsgem\u00e4\u00dfe Arbeit hin \u00fcberpr\u00fcft.<\/p>\n<p>Investitionen in Anlagen zur Erzeugung regenerativer Energien sind in Bezug auf das Risiko vergleichbar mit Anlagen in andere Sachwerte. Die Einspeiseverg\u00fctung f\u00fcr den erzeugten Strom ist f\u00fcr 20 Jahre ab dem Jahr der Inbetriebnahme garantiert.<\/p>\n<h1>Welche Dividende erhalte ich f\u00fcr meine Einlage?<\/h1>\n<p>Die Rendite der Gesch\u00e4ftsanteile richtet sich nach der H\u00f6he des Jahres\u00fcberschusses und ist ver\u00e4nderlich. \u00dcber die Verwendung des Jahres\u00fcberschusses beschlie\u00dft die Generalversammlung.<\/p>\n<h1>Welches Risiko besteht f\u00fcr mich als Mitglied?<\/h1>\n<p>Das Risiko ist auf Ihre Einlage begrenzt &#8211; eine Nachschusspflicht ist per Satzung ausgeschlossen.<br \/>\nDurch die Realisierung vieler Projekte mit Komponenten unterschiedlicher Hersteller wird eine Diversifikation erreicht. Dadurch k\u00f6nnen Einfl\u00fcsse einzelner Anlagen und Gew\u00e4hrleistungsrisiken minimiert werden k\u00f6nnen.<\/p>\n","protected":false},"excerpt":{"rendered":"<p>Warum haben wir die B\u00fcrgerEnergiegenossenschaft Schelklingen gegr\u00fcndet? Wir wollen gemeinsam mit erneuerbaren Energien etwas unternehmen, weil wir f\u00fcr kommende Generationen und die Umwelt Verantwortung tragen. Geplant sind auch Informationsveranstaltungen sowie Besichtigungsangebote rund um diesen Themenkreis. In welche Projekte investieren wir? Wir m\u00f6chten kommunale und regionale Energieprojekte mit erneuerbaren Energien voranbringen. F\u00fcr den Start konzentrieren wir\u2026 <span class=\"read-more\"><a href=\"http:\/\/www.beg-schelklingen.de\/?page_id=44\">Weiterlesen &raquo;<\/a><\/span><\/p>\n","protected":false},"author":1,"featured_media":0,"parent":0,"menu_order":4,"comment_status":"closed","ping_status":"closed","template":"","meta":{"footnotes":""},"class_list":["post-44","page","type-page","status-publish","hentry"],"_links":{"self":[{"href":"http:\/\/www.beg-schelklingen.de\/index.php?rest_route=\/wp\/v2\/pages\/44","targetHints":{"allow":["GET"]}}],"collection":[{"href":"http:\/\/www.beg-schelklingen.de\/index.php?rest_route=\/wp\/v2\/pages"}],"about":[{"href":"http:\/\/www.beg-schelklingen.de\/index.php?rest_route=\/wp\/v2\/types\/page"}],"author":[{"embeddable":true,"href":"http:\/\/www.beg-schelklingen.de\/index.php?rest_route=\/wp\/v2\/users\/1"}],"replies":[{"embeddable":true,"href":"http:\/\/www.beg-schelklingen.de\/index.php?rest_route=%2Fwp%2Fv2%2Fcomments&post=44"}],"version-history":[{"count":5,"href":"http:\/\/www.beg-schelklingen.de\/index.php?rest_route=\/wp\/v2\/pages\/44\/revisions"}],"predecessor-version":[{"id":206,"href":"http:\/\/www.beg-schelklingen.de\/index.php?rest_route=\/wp\/v2\/pages\/44\/revisions\/206"}],"wp:attachment":[{"href":"http:\/\/www.beg-schelklingen.de\/index.php?rest_route=%2Fwp%2Fv2%2Fmedia&parent=44"}],"curies":[{"name":"wp","href":"https:\/\/api.w.org\/{rel}","templated":true}]}}